{"id":69,"date":"2023-10-11T12:08:25","date_gmt":"2023-10-11T10:08:25","guid":{"rendered":"https:\/\/maconnerie-buffet.fr\/blog\/?page_id=69"},"modified":"2026-03-30T22:20:59","modified_gmt":"2026-03-30T20:20:59","slug":"lequipe","status":"publish","type":"page","link":"https:\/\/maconnerie-buffet.fr\/blog\/lequipe\/","title":{"rendered":"L&rsquo;\u00e9quipe &#038; \u00c9dito"},"content":{"rendered":"<p><span style=\"font-weight: 400;\">Ma\u00e7onnerie Buffet est votre entreprise de ma\u00e7onnerie g\u00e9n\u00e9rale, construction neuve, r\u00e9novation, extension, ravalement de fa\u00e7ade, terrassement et travaux de gros \u0153uvre. Nos ma\u00e7ons qualifi\u00e9s interviennent pour les particuliers et les professionnels sur l&rsquo;ensemble du territoire, avec le soin du travail bien fait et des mat\u00e9riaux de qualit\u00e9. <\/span><span style=\"font-weight: 400;\">Notre \u00e9quipe rassemble des ma\u00e7ons compagnons de m\u00e9tier, des conducteurs de travaux et des conseillers techniques qui accompagnent chaque projet de la conception \u00e0 la r\u00e9ception.<\/span><\/p>\n","protected":false},"excerpt":{"rendered":"","protected":false},"author":34,"featured_media":0,"parent":0,"menu_order":0,"comment_status":"closed","ping_status":"closed","template":"","meta":{"_acf_changed":false,"manual_indexmenow":false,"indexmenow_id_project":0,"footnotes":""},"class_list":["post-69","page","type-page","status-publish"],"acf":[],"yoast_head":"<!-- This site is optimized with the Yoast SEO Premium plugin v21.3 (Yoast SEO v26.5) - https:\/\/yoast.com\/wordpress\/plugins\/seo\/ -->\n<title>L&#039;\u00e9quipe &amp; \u00c9dito<\/title>\n<meta name=\"description\" content=\"Ma\u00e7onnerie Buffet est votre entreprise de ma\u00e7onnerie g\u00e9n\u00e9rale, construction neuve, r\u00e9novation, extension, ravalement de fa\u00e7ade, terrassement et travaux de\" \/>\n<meta name=\"robots\" content=\"index, follow, max-snippet:-1, max-image-preview:large, max-video-preview:-1\" \/>\n<link rel=\"canonical\" href=\"https:\/\/maconnerie-buffet.fr\/blog\/lequipe\/\" \/>\n<meta property=\"og:locale\" content=\"fr_FR\" \/>\n<meta property=\"og:type\" content=\"article\" \/>\n<meta property=\"og:title\" content=\"L&#039;\u00e9quipe &amp; \u00c9dito\" \/>\n<meta property=\"og:description\" content=\"Ma\u00e7onnerie Buffet est votre entreprise de ma\u00e7onnerie g\u00e9n\u00e9rale, construction neuve, r\u00e9novation, extension, ravalement de fa\u00e7ade, terrassement et travaux de\" \/>\n<meta property=\"og:url\" content=\"https:\/\/maconnerie-buffet.fr\/blog\/lequipe\/\" \/>\n<meta property=\"og:site_name\" content=\"Ma\u00e7onnerie-Buffet : R\u00e9novation, construction et expertise en b\u00e2timent\" \/>\n<meta name=\"twitter:card\" content=\"summary_large_image\" \/>\n<script type=\"application\/ld+json\" class=\"yoast-schema-graph\">{\"@context\":\"https:\/\/schema.org\",\"@graph\":[{\"@type\":\"WebPage\",\"@id\":\"https:\/\/maconnerie-buffet.fr\/blog\/lequipe\/\",\"url\":\"https:\/\/maconnerie-buffet.fr\/blog\/lequipe\/\",\"name\":\"L'\u00e9quipe & \u00c9dito\",\"isPartOf\":{\"@id\":\"https:\/\/maconnerie-buffet.fr\/blog\/#website\"},\"datePublished\":\"2023-10-11T10:08:25+00:00\",\"dateModified\":\"2026-03-30T20:20:59+00:00\",\"description\":\"Ma\u00e7onnerie Buffet est votre entreprise de ma\u00e7onnerie g\u00e9n\u00e9rale, construction neuve, r\u00e9novation, extension, ravalement de fa\u00e7ade, terrassement et travaux de\",\"inLanguage\":\"fr-FR\",\"potentialAction\":[{\"@type\":\"ReadAction\",\"target\":[\"https:\/\/maconnerie-buffet.fr\/blog\/lequipe\/\"]}]},{\"@type\":\"WebSite\",\"@id\":\"https:\/\/maconnerie-buffet.fr\/blog\/#website\",\"url\":\"https:\/\/maconnerie-buffet.fr\/blog\/\",\"name\":\"maconnerie-buffet.fr\",\"description\":\"Ma\u00e7onnerie Buffet, b\u00e2tir avec passion\",\"publisher\":{\"@id\":\"https:\/\/maconnerie-buffet.fr\/blog\/#organization\"},\"alternateName\":\"Ma\u00e7onnerie Buffet, b\u00e2tir avec passion\",\"potentialAction\":[{\"@type\":\"SearchAction\",\"target\":{\"@type\":\"EntryPoint\",\"urlTemplate\":\"https:\/\/maconnerie-buffet.fr\/blog\/?s={search_term_string}\"},\"query-input\":{\"@type\":\"PropertyValueSpecification\",\"valueRequired\":true,\"valueName\":\"search_term_string\"}}],\"inLanguage\":\"fr-FR\"},{\"@type\":\"Organization\",\"@id\":\"https:\/\/maconnerie-buffet.fr\/blog\/#organization\",\"name\":\"Foretsensations.fr\",\"url\":\"https:\/\/maconnerie-buffet.fr\/blog\/\",\"logo\":{\"@type\":\"ImageObject\",\"inLanguage\":\"fr-FR\",\"@id\":\"https:\/\/maconnerie-buffet.fr\/blog\/#\/schema\/logo\/image\/\",\"url\":\"https:\/\/maconnerie-buffet.fr\/blog\/wp-content\/uploads\/2024\/12\/maconneriebuffet.png\",\"contentUrl\":\"https:\/\/maconnerie-buffet.fr\/blog\/wp-content\/uploads\/2024\/12\/maconneriebuffet.png\",\"width\":500,\"height\":500,\"caption\":\"Foretsensations.fr\"},\"image\":{\"@id\":\"https:\/\/maconnerie-buffet.fr\/blog\/#\/schema\/logo\/image\/\"}}]}<\/script>\n<!-- \/ Yoast SEO Premium plugin. -->","yoast_head_json":{"title":"L'\u00e9quipe & \u00c9dito","description":"Ma\u00e7onnerie Buffet est votre entreprise de ma\u00e7onnerie g\u00e9n\u00e9rale, construction neuve, r\u00e9novation, extension, ravalement de fa\u00e7ade, terrassement et travaux de","robots":{"index":"index","follow":"follow","max-snippet":"max-snippet:-1","max-image-preview":"max-image-preview:large","max-video-preview":"max-video-preview:-1"},"canonical":"https:\/\/maconnerie-buffet.fr\/blog\/lequipe\/","og_locale":"fr_FR","og_type":"article","og_title":"L'\u00e9quipe & \u00c9dito","og_description":"Ma\u00e7onnerie Buffet est votre entreprise de ma\u00e7onnerie g\u00e9n\u00e9rale, construction neuve, r\u00e9novation, extension, ravalement de fa\u00e7ade, terrassement et travaux de","og_url":"https:\/\/maconnerie-buffet.fr\/blog\/lequipe\/","og_site_name":"Ma\u00e7onnerie-Buffet : R\u00e9novation, construction et expertise en b\u00e2timent","twitter_card":"summary_large_image","schema":{"@context":"https:\/\/schema.org","@graph":[{"@type":"WebPage","@id":"https:\/\/maconnerie-buffet.fr\/blog\/lequipe\/","url":"https:\/\/maconnerie-buffet.fr\/blog\/lequipe\/","name":"L'\u00e9quipe & \u00c9dito","isPartOf":{"@id":"https:\/\/maconnerie-buffet.fr\/blog\/#website"},"datePublished":"2023-10-11T10:08:25+00:00","dateModified":"2026-03-30T20:20:59+00:00","description":"Ma\u00e7onnerie Buffet est votre entreprise de ma\u00e7onnerie g\u00e9n\u00e9rale, construction neuve, r\u00e9novation, extension, ravalement de fa\u00e7ade, terrassement et travaux de","inLanguage":"fr-FR","potentialAction":[{"@type":"ReadAction","target":["https:\/\/maconnerie-buffet.fr\/blog\/lequipe\/"]}]},{"@type":"WebSite","@id":"https:\/\/maconnerie-buffet.fr\/blog\/#website","url":"https:\/\/maconnerie-buffet.fr\/blog\/","name":"maconnerie-buffet.fr","description":"Ma\u00e7onnerie Buffet, b\u00e2tir avec passion","publisher":{"@id":"https:\/\/maconnerie-buffet.fr\/blog\/#organization"},"alternateName":"Ma\u00e7onnerie Buffet, b\u00e2tir avec passion","potentialAction":[{"@type":"SearchAction","target":{"@type":"EntryPoint","urlTemplate":"https:\/\/maconnerie-buffet.fr\/blog\/?s={search_term_string}"},"query-input":{"@type":"PropertyValueSpecification","valueRequired":true,"valueName":"search_term_string"}}],"inLanguage":"fr-FR"},{"@type":"Organization","@id":"https:\/\/maconnerie-buffet.fr\/blog\/#organization","name":"Foretsensations.fr","url":"https:\/\/maconnerie-buffet.fr\/blog\/","logo":{"@type":"ImageObject","inLanguage":"fr-FR","@id":"https:\/\/maconnerie-buffet.fr\/blog\/#\/schema\/logo\/image\/","url":"https:\/\/maconnerie-buffet.fr\/blog\/wp-content\/uploads\/2024\/12\/maconneriebuffet.png","contentUrl":"https:\/\/maconnerie-buffet.fr\/blog\/wp-content\/uploads\/2024\/12\/maconneriebuffet.png","width":500,"height":500,"caption":"Foretsensations.fr"},"image":{"@id":"https:\/\/maconnerie-buffet.fr\/blog\/#\/schema\/logo\/image\/"}}]}},"_links":{"self":[{"href":"https:\/\/maconnerie-buffet.fr\/blog\/wp-json\/wp\/v2\/pages\/69","targetHints":{"allow":["GET"]}}],"collection":[{"href":"https:\/\/maconnerie-buffet.fr\/blog\/wp-json\/wp\/v2\/pages"}],"about":[{"href":"https:\/\/maconnerie-buffet.fr\/blog\/wp-json\/wp\/v2\/types\/page"}],"author":[{"embeddable":true,"href":"https:\/\/maconnerie-buffet.fr\/blog\/wp-json\/wp\/v2\/users\/34"}],"replies":[{"embeddable":true,"href":"https:\/\/maconnerie-buffet.fr\/blog\/wp-json\/wp\/v2\/comments?post=69"}],"version-history":[{"count":35,"href":"https:\/\/maconnerie-buffet.fr\/blog\/wp-json\/wp\/v2\/pages\/69\/revisions"}],"predecessor-version":[{"id":7540,"href":"https:\/\/maconnerie-buffet.fr\/blog\/wp-json\/wp\/v2\/pages\/69\/revisions\/7540"}],"wp:attachment":[{"href":"https:\/\/maconnerie-buffet.fr\/blog\/wp-json\/wp\/v2\/media?parent=69"}],"curies":[{"name":"wp","href":"https:\/\/api.w.org\/{rel}","templated":true}]}}