{"id":66,"date":"2023-10-11T12:06:52","date_gmt":"2023-10-11T10:06:52","guid":{"rendered":"https:\/\/maconnerie-buffet.fr\/blog\/?page_id=66"},"modified":"2023-10-11T12:06:52","modified_gmt":"2023-10-11T10:06:52","slug":"plan-du-site","status":"publish","type":"page","link":"https:\/\/maconnerie-buffet.fr\/blog\/plan-du-site\/","title":{"rendered":"Plan du site"},"content":{"rendered":"<h2><a href=\"https:\/\/maconnerie-buffet.fr\/blog\/a-la-une\/\" class=\"simple\">\u00c0 la une<\/a><\/h2><ul><li><a href=\"https:\/\/maconnerie-buffet.fr\/blog\/a-la-une\/artisan-tout-faire-a-vemars-trouvez-le-pro-infaillible\/\" class=\"simple\">Artisan tout faire \u00e0 V\u00e9mars : trouvez le pro infaillible !<\/a><\/li><li><a href=\"https:\/\/maconnerie-buffet.fr\/blog\/a-la-une\/casser-un-mur-non-porteur-prix-et-conseils-pour-2026\/\" class=\"simple\">Casser un mur non porteur : prix et conseils pour 2026<\/a><\/li><li><a href=\"https:\/\/maconnerie-buffet.fr\/blog\/a-la-une\/comment-eliminer-efficacement-les-odeurs-de-canalisation-wc-dans-votre-salle-de-bains\/\" class=\"simple\">Comment \u00e9liminer efficacement les odeurs de canalisation WC dans votre salle de bains<\/a><\/li><li><a href=\"https:\/\/maconnerie-buffet.fr\/blog\/a-la-une\/les-meilleures-toles-de-toiture-en-2025\/\" class=\"simple\">Les meilleures t\u00f4les de toiture en 2025<\/a><\/li><li><a href=\"https:\/\/maconnerie-buffet.fr\/blog\/a-la-une\/top-10-des-accessoires-indispensables-pour-optimiser-votre-confort-thermique\/\" class=\"simple\">Top 10 des accessoires indispensables pour optimiser votre confort thermique<\/a><\/li><li><a href=\"https:\/\/maconnerie-buffet.fr\/blog\/a-la-une\/travaux-de-maconnerie-comment-allier-durabilite-et-respect-de-lenvironnement\/\" class=\"simple\">Travaux de ma\u00e7onnerie : comment allier durabilit\u00e9 et respect de l&#039;environnement ?<\/a><\/li><li><a href=\"https:\/\/maconnerie-buffet.fr\/blog\/a-la-une\/tout-savoir-sur-le-store-a-bandes-verticales\/\" class=\"simple\">Tout savoir sur le store \u00e0 bandes verticales<\/a><\/li><\/ul><h2><a href=\"https:\/\/maconnerie-buffet.fr\/blog\/conseils-et-guides-pratiques\/\" class=\"simple\">Conseils et Guides Pratiques<\/a><\/h2><ul><li><a href=\"https:\/\/maconnerie-buffet.fr\/blog\/conseils-et-guides-pratiques\/prix-ouverture-mur-porteur-2026-couts-demarches-et-conseils-essentiels\/\" class=\"simple\">Prix ouverture mur porteur 2026 : co\u00fbts, d\u00e9marches et conseils essentiels<\/a><\/li><li><a href=\"https:\/\/maconnerie-buffet.fr\/blog\/conseils-et-guides-pratiques\/comment-identifier-une-cloison-non-porteuse-pour-eviter-les-erreurs-de-demolition\/\" class=\"simple\">Comment identifier une cloison non porteuse pour \u00e9viter les erreurs de d\u00e9molition<\/a><\/li><li><a href=\"https:\/\/maconnerie-buffet.fr\/blog\/conseils-et-guides-pratiques\/comment-casser-une-dalle-beton-de-20-cm-en-toute-securite-et-efficacite\/\" class=\"simple\">Comment casser une dalle b\u00e9ton de 20 cm en toute s\u00e9curit\u00e9 et efficacit\u00e9<\/a><\/li><li><a href=\"https:\/\/maconnerie-buffet.fr\/blog\/conseils-et-guides-pratiques\/comment-calculer-le-nombre-de-parpaings-pour-votre-construction-selon-leurs-dimensions-standard\/\" class=\"simple\">Comment calculer le nombre de parpaings pour votre construction selon leurs dimensions standard<\/a><\/li><li><a href=\"https:\/\/maconnerie-buffet.fr\/blog\/conseils-et-guides-pratiques\/comment-assurer-un-scellement-durable-de-poteaux-en-bois-pour-une-structure-fiable\/\" class=\"simple\">Comment assurer un scellement durable de poteaux en bois pour une structure fiable<\/a><\/li><li><a href=\"https:\/\/maconnerie-buffet.fr\/blog\/conseils-et-guides-pratiques\/beton-cire-sur-plan-de-travail-carrele-avantages-et-pose-etape-par-etape\/\" class=\"simple\">B\u00e9ton cir\u00e9 sur plan de travail carrel\u00e9 : avantages et pose \u00e9tape par \u00e9tape<\/a><\/li><li><a href=\"https:\/\/maconnerie-buffet.fr\/blog\/conseils-et-guides-pratiques\/porotherm-ou-parpaing-comment-choisir-le-meilleur-materiau-pour-votre-construction\/\" class=\"simple\">Porotherm ou parpaing : comment choisir le meilleur mat\u00e9riau pour votre construction<\/a><\/li><li><a href=\"https:\/\/maconnerie-buffet.fr\/blog\/conseils-et-guides-pratiques\/ce-que-revele-la-composition-du-parpaing-et-de-la-brique-pour-construire-mieux\/\" class=\"simple\">Ce que r\u00e9v\u00e8le la composition du parpaing et de la brique pour construire mieux<\/a><\/li><li><a href=\"https:\/\/maconnerie-buffet.fr\/blog\/conseils-et-guides-pratiques\/comment-reperer-un-mur-porteur-pour-realiser-une-ouverture-en-toute-securite\/\" class=\"simple\">Comment rep\u00e9rer un mur porteur pour r\u00e9aliser une ouverture en toute s\u00e9curit\u00e9<\/a><\/li><li><a href=\"https:\/\/maconnerie-buffet.fr\/blog\/conseils-et-guides-pratiques\/ouverture-dans-un-mur-porteur-techniques-et-reglementations-essentielles\/\" class=\"simple\">Ouverture dans un mur porteur : techniques et r\u00e9glementations essentielles<\/a><\/li><li><a href=\"https:\/\/maconnerie-buffet.fr\/blog\/conseils-et-guides-pratiques\/quelle-peinture-interieure-choisir-pour-un-fini-durable-et-elegant\/\" class=\"simple\">Quelle peinture int\u00e9rieure choisir pour un fini durable et \u00e9l\u00e9gant<\/a><\/li><li><a href=\"https:\/\/maconnerie-buffet.fr\/blog\/conseils-et-guides-pratiques\/pourquoi-opter-pour-une-porte-blindee-maison-face-a-la-hausse-des-cambriolages-en-2023\/\" class=\"simple\">Pourquoi opter pour une porte blind\u00e9e maison face \u00e0 la hausse des cambriolages en 2023<\/a><\/li><li><a href=\"https:\/\/maconnerie-buffet.fr\/blog\/conseils-et-guides-pratiques\/taille-standard-des-portes-interieures-dimensions-essentielles-pour-votre-renovation\/\" class=\"simple\">Taille standard des portes int\u00e9rieures : dimensions essentielles pour votre r\u00e9novation<\/a><\/li><li><a href=\"https:\/\/maconnerie-buffet.fr\/blog\/conseils-et-guides-pratiques\/refaire-lelectricite-maison-prix-et-conseils-pour-securiser-votre-logement\/\" class=\"simple\">Refaire l&#039;\u00e9lectricit\u00e9 maison : prix et conseils pour s\u00e9curiser votre logement<\/a><\/li><li><a href=\"https:\/\/maconnerie-buffet.fr\/blog\/conseils-et-guides-pratiques\/anti-mousse-toiture-combien-de-temps-avant-pluie\/\" class=\"simple\">anti mousse toiture combien de temps avant pluie<\/a><\/li><li><a href=\"https:\/\/maconnerie-buffet.fr\/blog\/conseils-et-guides-pratiques\/les-differents-types-de-pose-de-parquet-comment-choisir-la-meilleure-option\/\" class=\"simple\">Les diff\u00e9rents types de pose de parquet : comment choisir la meilleure option<\/a><\/li><li><a href=\"https:\/\/maconnerie-buffet.fr\/blog\/conseils-et-guides-pratiques\/chauffage-au-sol-en-renovation-avantages-installation-et-conseils-pratiques\/\" class=\"simple\">Chauffage au sol en r\u00e9novation : avantages, installation et conseils pratiques<\/a><\/li><li><a href=\"https:\/\/maconnerie-buffet.fr\/blog\/conseils-et-guides-pratiques\/comment-isoler-ses-combles-soi-meme-pour-une-meilleure-performance-thermique\/\" class=\"simple\">Comment isoler ses combles soi-m\u00eame pour une meilleure performance thermique<\/a><\/li><li><a href=\"https:\/\/maconnerie-buffet.fr\/blog\/conseils-et-guides-pratiques\/isolation-parquet-flottant-comment-choisir-la-meilleure-sous-couche-pour-un-sol-confortable\/\" class=\"simple\">Isolation parquet flottant : comment choisir la meilleure sous-couche pour un sol confortable<\/a><\/li><\/ul><h2><a href=\"https:\/\/maconnerie-buffet.fr\/blog\/materiaux-et-innovations\/\" class=\"simple\">Mat\u00e9riaux et Innovations<\/a><\/h2><ul><li><a href=\"https:\/\/maconnerie-buffet.fr\/blog\/materiaux-et-innovations\/mur-en-machefer-la-solidite-meconnue-dun-materiau-oublie\/\" class=\"simple\">Mur en m\u00e2chefer : la solidit\u00e9 m\u00e9connue d\u2019un mat\u00e9riau oubli\u00e9<\/a><\/li><\/ul><h2><a href=\"https:\/\/maconnerie-buffet.fr\/blog\/renovation-et-restauration\/\" class=\"simple\">R\u00e9novation et Restauration<\/a><\/h2><ul><li><a href=\"https:\/\/maconnerie-buffet.fr\/blog\/renovation-et-restauration\/ce-quun-mur-porteur-supporte-role-et-differences-essentielles\/\" class=\"simple\">Ce qu\u2019un mur porteur supporte : r\u00f4le et diff\u00e9rences essentielles<\/a><\/li><li><a href=\"https:\/\/maconnerie-buffet.fr\/blog\/renovation-et-restauration\/comment-casser-un-mur-en-parpaing-en-toute-securite-conseils-pratiques\/\" class=\"simple\">Comment casser un mur en parpaing en toute s\u00e9curit\u00e9 : conseils pratiques<\/a><\/li><li><a href=\"https:\/\/maconnerie-buffet.fr\/blog\/renovation-et-restauration\/seuil-de-porte-de-garage-en-beton-pourquoi-cest-essentiel-pour-levacuation-des-eaux\/\" class=\"simple\">Seuil de porte de garage en b\u00e9ton : pourquoi c\u2019est essentiel pour l\u2019\u00e9vacuation des eaux<\/a><\/li><li><a href=\"https:\/\/maconnerie-buffet.fr\/blog\/renovation-et-restauration\/comment-realiser-une-fondation-solide-pour-un-mur-conseils-techniques-essentielles\/\" class=\"simple\">Comment r\u00e9aliser une fondation solide pour un mur : conseils techniques essentielles<\/a><\/li><li><a href=\"https:\/\/maconnerie-buffet.fr\/blog\/renovation-et-restauration\/comment-construire-un-barbecue-en-parpaing-etape-par-etape-pour-un-espace-outdoor-durable\/\" class=\"simple\">Comment construire un barbecue en parpaing : \u00e9tape par \u00e9tape pour un espace outdoor durable<\/a><\/li><li><a href=\"https:\/\/maconnerie-buffet.fr\/blog\/renovation-et-restauration\/isolation-de-murs-en-pise-comment-preserver-leur-durabilite-naturelle\/\" class=\"simple\">Isolation de murs en pis\u00e9 : comment pr\u00e9server leur durabilit\u00e9 naturelle<\/a><\/li><\/ul>\n","protected":false},"excerpt":{"rendered":"","protected":false},"author":34,"featured_media":0,"parent":0,"menu_order":0,"comment_status":"closed","ping_status":"closed","template":"","meta":{"_acf_changed":false,"manual_indexmenow":false,"indexmenow_id_project":0,"footnotes":""},"class_list":["post-66","page","type-page","status-publish"],"acf":[],"yoast_head":"<!-- This site is optimized with the Yoast SEO Premium plugin v21.3 (Yoast SEO v26.5) - https:\/\/yoast.com\/wordpress\/plugins\/seo\/ -->\n<title>Plan du site<\/title>\n<meta name=\"robots\" content=\"index, follow, max-snippet:-1, max-image-preview:large, max-video-preview:-1\" \/>\n<link rel=\"canonical\" href=\"https:\/\/maconnerie-buffet.fr\/blog\/plan-du-site\/\" \/>\n<meta property=\"og:locale\" content=\"fr_FR\" \/>\n<meta property=\"og:type\" content=\"article\" \/>\n<meta property=\"og:title\" content=\"Plan du site\" \/>\n<meta property=\"og:url\" content=\"https:\/\/maconnerie-buffet.fr\/blog\/plan-du-site\/\" \/>\n<meta property=\"og:site_name\" content=\"Ma\u00e7onnerie-Buffet : R\u00e9novation, construction et expertise en b\u00e2timent\" \/>\n<meta name=\"twitter:card\" content=\"summary_large_image\" \/>\n<script type=\"application\/ld+json\" class=\"yoast-schema-graph\">{\"@context\":\"https:\/\/schema.org\",\"@graph\":[{\"@type\":\"WebPage\",\"@id\":\"https:\/\/maconnerie-buffet.fr\/blog\/plan-du-site\/\",\"url\":\"https:\/\/maconnerie-buffet.fr\/blog\/plan-du-site\/\",\"name\":\"Plan du site\",\"isPartOf\":{\"@id\":\"https:\/\/maconnerie-buffet.fr\/blog\/#website\"},\"datePublished\":\"2023-10-11T10:06:52+00:00\",\"inLanguage\":\"fr-FR\",\"potentialAction\":[{\"@type\":\"ReadAction\",\"target\":[\"https:\/\/maconnerie-buffet.fr\/blog\/plan-du-site\/\"]}]},{\"@type\":\"WebSite\",\"@id\":\"https:\/\/maconnerie-buffet.fr\/blog\/#website\",\"url\":\"https:\/\/maconnerie-buffet.fr\/blog\/\",\"name\":\"maconnerie-buffet.fr\",\"description\":\"Ma\u00e7onnerie Buffet, b\u00e2tir avec passion\",\"publisher\":{\"@id\":\"https:\/\/maconnerie-buffet.fr\/blog\/#organization\"},\"alternateName\":\"Ma\u00e7onnerie Buffet, b\u00e2tir avec passion\",\"potentialAction\":[{\"@type\":\"SearchAction\",\"target\":{\"@type\":\"EntryPoint\",\"urlTemplate\":\"https:\/\/maconnerie-buffet.fr\/blog\/?s={search_term_string}\"},\"query-input\":{\"@type\":\"PropertyValueSpecification\",\"valueRequired\":true,\"valueName\":\"search_term_string\"}}],\"inLanguage\":\"fr-FR\"},{\"@type\":\"Organization\",\"@id\":\"https:\/\/maconnerie-buffet.fr\/blog\/#organization\",\"name\":\"Foretsensations.fr\",\"url\":\"https:\/\/maconnerie-buffet.fr\/blog\/\",\"logo\":{\"@type\":\"ImageObject\",\"inLanguage\":\"fr-FR\",\"@id\":\"https:\/\/maconnerie-buffet.fr\/blog\/#\/schema\/logo\/image\/\",\"url\":\"https:\/\/maconnerie-buffet.fr\/blog\/wp-content\/uploads\/2024\/12\/maconneriebuffet.png\",\"contentUrl\":\"https:\/\/maconnerie-buffet.fr\/blog\/wp-content\/uploads\/2024\/12\/maconneriebuffet.png\",\"width\":500,\"height\":500,\"caption\":\"Foretsensations.fr\"},\"image\":{\"@id\":\"https:\/\/maconnerie-buffet.fr\/blog\/#\/schema\/logo\/image\/\"}}]}<\/script>\n<!-- \/ Yoast SEO Premium plugin. -->","yoast_head_json":{"title":"Plan du site","robots":{"index":"index","follow":"follow","max-snippet":"max-snippet:-1","max-image-preview":"max-image-preview:large","max-video-preview":"max-video-preview:-1"},"canonical":"https:\/\/maconnerie-buffet.fr\/blog\/plan-du-site\/","og_locale":"fr_FR","og_type":"article","og_title":"Plan du site","og_url":"https:\/\/maconnerie-buffet.fr\/blog\/plan-du-site\/","og_site_name":"Ma\u00e7onnerie-Buffet : R\u00e9novation, construction et expertise en b\u00e2timent","twitter_card":"summary_large_image","schema":{"@context":"https:\/\/schema.org","@graph":[{"@type":"WebPage","@id":"https:\/\/maconnerie-buffet.fr\/blog\/plan-du-site\/","url":"https:\/\/maconnerie-buffet.fr\/blog\/plan-du-site\/","name":"Plan du site","isPartOf":{"@id":"https:\/\/maconnerie-buffet.fr\/blog\/#website"},"datePublished":"2023-10-11T10:06:52+00:00","inLanguage":"fr-FR","potentialAction":[{"@type":"ReadAction","target":["https:\/\/maconnerie-buffet.fr\/blog\/plan-du-site\/"]}]},{"@type":"WebSite","@id":"https:\/\/maconnerie-buffet.fr\/blog\/#website","url":"https:\/\/maconnerie-buffet.fr\/blog\/","name":"maconnerie-buffet.fr","description":"Ma\u00e7onnerie Buffet, b\u00e2tir avec passion","publisher":{"@id":"https:\/\/maconnerie-buffet.fr\/blog\/#organization"},"alternateName":"Ma\u00e7onnerie Buffet, b\u00e2tir avec passion","potentialAction":[{"@type":"SearchAction","target":{"@type":"EntryPoint","urlTemplate":"https:\/\/maconnerie-buffet.fr\/blog\/?s={search_term_string}"},"query-input":{"@type":"PropertyValueSpecification","valueRequired":true,"valueName":"search_term_string"}}],"inLanguage":"fr-FR"},{"@type":"Organization","@id":"https:\/\/maconnerie-buffet.fr\/blog\/#organization","name":"Foretsensations.fr","url":"https:\/\/maconnerie-buffet.fr\/blog\/","logo":{"@type":"ImageObject","inLanguage":"fr-FR","@id":"https:\/\/maconnerie-buffet.fr\/blog\/#\/schema\/logo\/image\/","url":"https:\/\/maconnerie-buffet.fr\/blog\/wp-content\/uploads\/2024\/12\/maconneriebuffet.png","contentUrl":"https:\/\/maconnerie-buffet.fr\/blog\/wp-content\/uploads\/2024\/12\/maconneriebuffet.png","width":500,"height":500,"caption":"Foretsensations.fr"},"image":{"@id":"https:\/\/maconnerie-buffet.fr\/blog\/#\/schema\/logo\/image\/"}}]}},"_links":{"self":[{"href":"https:\/\/maconnerie-buffet.fr\/blog\/wp-json\/wp\/v2\/pages\/66","targetHints":{"allow":["GET"]}}],"collection":[{"href":"https:\/\/maconnerie-buffet.fr\/blog\/wp-json\/wp\/v2\/pages"}],"about":[{"href":"https:\/\/maconnerie-buffet.fr\/blog\/wp-json\/wp\/v2\/types\/page"}],"author":[{"embeddable":true,"href":"https:\/\/maconnerie-buffet.fr\/blog\/wp-json\/wp\/v2\/users\/34"}],"replies":[{"embeddable":true,"href":"https:\/\/maconnerie-buffet.fr\/blog\/wp-json\/wp\/v2\/comments?post=66"}],"version-history":[{"count":1,"href":"https:\/\/maconnerie-buffet.fr\/blog\/wp-json\/wp\/v2\/pages\/66\/revisions"}],"predecessor-version":[{"id":67,"href":"https:\/\/maconnerie-buffet.fr\/blog\/wp-json\/wp\/v2\/pages\/66\/revisions\/67"}],"wp:attachment":[{"href":"https:\/\/maconnerie-buffet.fr\/blog\/wp-json\/wp\/v2\/media?parent=66"}],"curies":[{"name":"wp","href":"https:\/\/api.w.org\/{rel}","templated":true}]}}